{"id":150,"date":"2017-05-19T16:43:49","date_gmt":"2017-05-19T16:43:49","guid":{"rendered":"http:\/\/dkmantenimiento.com\/?page_id=150"},"modified":"2017-05-23T16:38:55","modified_gmt":"2017-05-23T16:38:55","slug":"limpieza-criogenica","status":"publish","type":"page","link":"https:\/\/dkmantenimiento.com\/?page_id=150","title":{"rendered":"Limpieza Criog\u00e9nica"},"content":{"rendered":"<p>[et_pb_section bb_built=\u00bb1&#8243; admin_label=\u00bbsection\u00bb background_color=\u00bb#3a3a3a\u00bb custom_padding=\u00bb0px|0px|0px|0px\u00bb][et_pb_row admin_label=\u00bbrow\u00bb custom_padding=\u00bb12.625px|0px|0px|0px\u00bb][et_pb_column type=\u00bb4_4&#8243;][et_pb_blurb admin_label=\u00bbBlurb\u00bb icon_color=\u00bb#45c4ec\u00bb image=\u00bbhttp:\/\/dkmantenimiento.com\/wp-content\/uploads\/2017\/05\/criogenica-1.png\u00bb animation=\u00bbbottom\u00bb text_orientation=\u00bbcenter\u00bb custom_margin=\u00bb1px|||\u00bb \/][\/et_pb_column][\/et_pb_row][et_pb_row admin_label=\u00bbrow\u00bb custom_padding=\u00bb0px|0px|12.625px|0px\u00bb custom_margin=\u00bb0px|||\u00bb][et_pb_column type=\u00bb4_4&#8243;][et_pb_text admin_label=\u00bbText\u00bb background_layout=\u00bbdark\u00bb text_orientation=\u00bbcenter\u00bb]<\/p>\n<h1><em>Limpieza Criog\u00e9nica<\/em><\/h1>\n<p>[\/et_pb_text][\/et_pb_column][\/et_pb_row][\/et_pb_section][et_pb_section bb_built=\u00bb1&#8243; admin_label=\u00bbsection\u00bb][et_pb_row admin_label=\u00bbrow\u00bb custom_padding=\u00bb8px|0px|12.625px|0px\u00bb][et_pb_column type=\u00bb1_2&#8243;][et_pb_text admin_label=\u00bbText\u00bb]<\/p>\n<h2>\u00bfQu\u00e9 es &#8230;?<\/h2>\n<p>La limpieza criog\u00e9nica es conocida como limpieza por hielo seco (el di\u00f3xido de carbono<br \/>\n(CO2) en estado s\u00f3lido se encuentra de forma natural en la atm\u00f3sfera terrestre como un<br \/>\ngas inodoro, at\u00f3xico e ininflamable y que pasa a un estado s\u00f3lido a una temperatura<br \/>\nde -78,5\u00baC (bajo presi\u00f3n atmosf\u00e9rica)). En la limpieza criog\u00e9nica se sopla o se proyecta por<br \/>\nalta presi\u00f3n un chorro de hielo seco en forma\u00a0de peque\u00f1as y compactas part\u00edculas (pellets).<br \/>\nEl \u00e1rea objeto de limpieza queda totalmente seco y libre de toda sustancia secundaria.<br \/>\nSe trata de un proceso completamente libre de humedad que no crea conducci\u00f3n de<br \/>\nelectricidad. Es posible emplear el m\u00e9todo de soplado con hielo seco en lugares donde<br \/>\nno hay cabida para los m\u00e9todos tradicionales,por ejemplo, para la limpieza de motores e<br \/>\ninstalaciones con componentes el\u00e9ctricos.<\/p>\n<p>[\/et_pb_text][et_pb_text admin_label=\u00bbText\u00bb]<\/p>\n<h2>Ventajas<\/h2>\n<p>Es muy r\u00e1pido<br \/>\n\u2022 No se usa detergentes qu\u00edmicos<br \/>\n\u2022 No erosiona, no es abrasivo,<br \/>\nprolonga la vida \u00fatil de los equipos y<br \/>\ncomponentes.<br \/>\n\u2022 No es inflamable<br \/>\n\u2022 No es conductivo<br \/>\n\u2022 Es respetuoso con el medio ambiente<br \/>\n\u2022 Limpieza eficaz<br \/>\n\u2022 Es apto para el uso en el sector<br \/>\nalimentario<br \/>\n\u2022 Permite limpiar maquinaria sin<br \/>\ndesmontarla, ahorrando tiempo<br \/>\n\u2022 Se puede utilizar en maquinaria<br \/>\nel\u00e9ctrica activa sin riesgos<br \/>\n\u2022 Desinfecta simult\u00e1neamente<\/p>\n<p>[\/et_pb_text][et_pb_text admin_label=\u00bbTexto\u00bb]<\/p>\n<h1>Aplicaciones<\/h1>\n<p>\u2022 Pl\u00e1stico, madera, caucho<br \/>\n\u2022 Motores, engranajes, bobinas<br \/>\n\u2022 Ejes, husillos, filtros<br \/>\n\u2022 Interior \/ exterior cuadros el\u00e9ctricos<br \/>\n\u2022 Maquinaria compleja<br \/>\n\u2022 Cascos de barcos<br \/>\n\u2022 Campanas extractoras<br \/>\n\u2022 Interiores veh\u00edculos<br \/>\n\u2022 Restos despu\u00e9s de incendios<br \/>\n\u2022 L\u00edneas de envasado y\/o etiquetado<br \/>\n\u2022 Cintas de transporte (met\u00e1licas o pl\u00e1sticas)<br \/>\n\u2022 Bandejas, recipientes, mezcladoras,<br \/>\ndosificadoras<br \/>\n\u2022 C\u00e1maras frigor\u00edficas, hornos<br \/>\n\u2022 Moldes (fundici\u00f3n, pl\u00e1stico, etc.)<br \/>\n\u2022 Grafittis<br \/>\n\u2022 Retirada de carb\u00f3n<br \/>\n\u2022 Limpieza de pinturas, pegamentos,<br \/>\ngrasas, ceras o alquitr\u00e1n<\/p>\n<p>[\/et_pb_text][\/et_pb_column][et_pb_column type=\u00bb1_2&#8243;][et_pb_image admin_label=\u00bbImagen\u00bb src=\u00bbhttp:\/\/dkmantenimiento.com\/wp-content\/uploads\/2017\/05\/01.png\u00bb show_in_lightbox=\u00bbon\u00bb \/][et_pb_text admin_label=\u00bbTexto\u00bb]<\/p>\n<h1>Sectores de aplicaci\u00f3n<\/h1>\n<p>\u2022 Mantenimiento<br \/>\n\u2022 Generaci\u00f3n \/ Distribuci\u00f3n energ\u00eda<br \/>\n\u2022 Instrumentaci\u00f3n m\u00e9dica \/ Laboratorios<br \/>\n\u2022 Aeron\u00e1utica &amp; Aviaci\u00f3n<br \/>\n\u2022 Autom\u00f3vil<br \/>\n\u2022 Fundici\u00f3n<br \/>\n\u2022 Industria de la alimentaci\u00f3n<br \/>\n\u2022 Restauraci\u00f3n &amp; Remodelaci\u00f3n<br \/>\n\u2022 Artes Gr\u00e1ficas<br \/>\n\u2022 Aviaci\u00f3n<br \/>\n\u2022 Centros hospitalarios<br \/>\n\u2022 Industria ferroviaria<br \/>\n\u2022 Industria farmac\u00e9utica<br \/>\n\u2022 Restauraci\u00f3n &amp; remodelaci\u00f3n<br \/>\n\u2022 Artes Gr\u00e1ficas<br \/>\n\u2022 Centros hospitalarios<br \/>\n\u2022 Industria ferroviaria<\/p>\n<p>[\/et_pb_text][et_pb_gallery admin_label=\u00bbGaler\u00eda\u00bb gallery_ids=\u00bb189,197,198,199&#8243; gallery_orderby=\u00bbrand\u00bb posts_number=\u00bb4&#8243; orientation=\u00bbportrait\u00bb show_pagination=\u00bboff\u00bb \/][\/et_pb_column][\/et_pb_row][\/et_pb_section][et_pb_section bb_built=\u00bb1&#8243; admin_label=\u00bbsection\u00bb background_color=\u00bb#353535&#8243;][et_pb_row admin_label=\u00bbrow\u00bb][et_pb_column type=\u00bb1_4&#8243;][et_pb_number_counter admin_label=\u00bbNumber Counter\u00bb title=\u00bbR\u00e1pidez\u00bb number=\u00bb80&#8243; background_layout=\u00bbdark\u00bb number_text_color=\u00bb#2ea3f2&#8243; \/][\/et_pb_column][et_pb_column type=\u00bb1_4&#8243;][et_pb_number_counter admin_label=\u00bbNumber Counter\u00bb title=\u00bbRespetuosa con el Medio Ambiente\u00bb number=\u00bb85&#8243; background_layout=\u00bbdark\u00bb \/][\/et_pb_column][et_pb_column type=\u00bb1_4&#8243;][et_pb_number_counter admin_label=\u00bbNumber Counter\u00bb title=\u00bbMenor erosi\u00f3n sobre las superficies\u00bb number=\u00bb70&#8243; background_layout=\u00bbdark\u00bb \/][\/et_pb_column][et_pb_column type=\u00bb1_4&#8243;][et_pb_text admin_label=\u00bbTexto\u00bb]<\/p>\n<p>Frente a otros m\u00e9todos de Limpieza\u00a0son muy significativas las ventajas que ofrece<\/p>\n<p>[\/et_pb_text][\/et_pb_column][\/et_pb_row][\/et_pb_section][et_pb_section bb_built=\u00bb1&#8243; admin_label=\u00bbsection\u00bb background_color=\u00bb#f7f7f7&#8243;][et_pb_row admin_label=\u00bbrow\u00bb][et_pb_column type=\u00bb4_4&#8243;][et_pb_cta admin_label=\u00bbCall To Action\u00bb title=\u00bb\u00bfEst\u00e1s interesado?\u00bb button_url=\u00bbhttp:\/\/dkmantenimiento.com\/?page_id=130&#8243; url_new_window=\u00bbon\u00bb button_text=\u00bbContacta con nosotros\u00bb use_background_color=\u00bboff\u00bb background_layout=\u00bblight\u00bb background_color=\u00bb#6dbcf2&#8243; text_orientation=\u00bbcenter\u00bb use_border_color=\u00bboff\u00bb border_color=\u00bb#ffffff\u00bb border_style=\u00bbsolid\u00bb custom_button=\u00bboff\u00bb button_letter_spacing=\u00bb0&#8243; button_use_icon=\u00bbdefault\u00bb button_icon_placement=\u00bbright\u00bb button_on_hover=\u00bbon\u00bb button_letter_spacing_hover=\u00bb0&#8243; \/][\/et_pb_column][\/et_pb_row][\/et_pb_section]<\/p>\n","protected":false},"excerpt":{"rendered":"<p>[et_pb_section bb_built=\u00bb1&#8243; admin_label=\u00bbsection\u00bb background_color=\u00bb#3a3a3a\u00bb custom_padding=\u00bb0px|0px|0px|0px\u00bb][et_pb_row admin_label=\u00bbrow\u00bb custom_padding=\u00bb12.625px|0px|0px|0px\u00bb][et_pb_column type=\u00bb4_4&#8243;][et_pb_blurb admin_label=\u00bbBlurb\u00bb icon_color=\u00bb#45c4ec\u00bb image=\u00bbhttp:\/\/dkmantenimiento.com\/wp-content\/uploads\/2017\/05\/criogenica-1.png\u00bb animation=\u00bbbottom\u00bb text_orientation=\u00bbcenter\u00bb custom_margin=\u00bb1px|||\u00bb \/][\/et_pb_column][\/et_pb_row][et_pb_row admin_label=\u00bbrow\u00bb custom_padding=\u00bb0px|0px|12.625px|0px\u00bb custom_margin=\u00bb0px|||\u00bb][et_pb_column type=\u00bb4_4&#8243;][et_pb_text admin_label=\u00bbText\u00bb background_layout=\u00bbdark\u00bb text_orientation=\u00bbcenter\u00bb] Limpieza Criog\u00e9nica [\/et_pb_text][\/et_pb_column][\/et_pb_row][\/et_pb_section][et_pb_section bb_built=\u00bb1&#8243; admin_label=\u00bbsection\u00bb][et_pb_row admin_label=\u00bbrow\u00bb custom_padding=\u00bb8px|0px|12.625px|0px\u00bb][et_pb_column type=\u00bb1_2&#8243;][et_pb_text admin_label=\u00bbText\u00bb] \u00bfQu\u00e9 es &#8230;? La limpieza criog\u00e9nica es conocida como limpieza por hielo seco (el di\u00f3xido de carbono (CO2) en estado s\u00f3lido se encuentra de [&hellip;]<\/p>\n","protected":false},"author":1,"featured_media":0,"parent":0,"menu_order":2,"comment_status":"closed","ping_status":"closed","template":"","meta":[],"_links":{"self":[{"href":"https:\/\/dkmantenimiento.com\/index.php?rest_route=\/wp\/v2\/pages\/150"}],"collection":[{"href":"https:\/\/dkmantenimiento.com\/index.php?rest_route=\/wp\/v2\/pages"}],"about":[{"href":"https:\/\/dkmantenimiento.com\/index.php?rest_route=\/wp\/v2\/types\/page"}],"author":[{"embeddable":true,"href":"https:\/\/dkmantenimiento.com\/index.php?rest_route=\/wp\/v2\/users\/1"}],"replies":[{"embeddable":true,"href":"https:\/\/dkmantenimiento.com\/index.php?rest_route=%2Fwp%2Fv2%2Fcomments&post=150"}],"version-history":[{"count":50,"href":"https:\/\/dkmantenimiento.com\/index.php?rest_route=\/wp\/v2\/pages\/150\/revisions"}],"predecessor-version":[{"id":244,"href":"https:\/\/dkmantenimiento.com\/index.php?rest_route=\/wp\/v2\/pages\/150\/revisions\/244"}],"wp:attachment":[{"href":"https:\/\/dkmantenimiento.com\/index.php?rest_route=%2Fwp%2Fv2%2Fmedia&parent=150"}],"curies":[{"name":"wp","href":"https:\/\/api.w.org\/{rel}","templated":true}]}}